{"id":10,"date":"2022-09-24T19:28:15","date_gmt":"2022-09-24T19:28:15","guid":{"rendered":"https:\/\/blessingway.hu\/?page_id=10"},"modified":"2023-03-15T12:30:06","modified_gmt":"2023-03-15T12:30:06","slug":"mi-az-a-blessingway","status":"publish","type":"page","link":"https:\/\/blessingway.hu\/","title":{"rendered":""},"content":{"rendered":"\n<p>Kismama vagy \u00e9s keresed a megfelel\u0151 szertart\u00e1st, ami seg\u00edthet meger\u0151s\u00edteni az \u00f6nbizalmad \u00e9s felk\u00e9sz\u00edteni a sz\u00fcl\u00e9sre?<\/p>\n\n\n\n<p>\u200b\u200bA Blessingway, vagyis a sz\u00fcl\u00e9sre bocs\u00e1t\u00f3 szertart\u00e1s sor\u00e1n a kismam\u00e1t egy megtart\u00f3, er\u0151s, t\u00e1mogat\u00f3 n\u0151i k\u00f6rben egy igaz\u00e1n k\u00fcl\u00f6nleges ritu\u00e1l\u00e9 r\u00e9szek\u00e9nt k\u00e9sz\u00edtj\u00fck fel az el\u0151tte \u00e1ll\u00f3 izgalmas \u00fatra. C\u00e9lunk, hogy a leend\u0151 \u00e9desanya (legyen sz\u00f3 az els\u0151, ak\u00e1r a t\u00f6bbedik gyermekr\u0151l), bizakodva, b\u00e1tran tekinthessen a kisbab\u00e1ja sz\u00fclet\u00e9s\u00e9re, hogy a jelenl\u00e9v\u0151 n\u0151i energi\u00e1k \u00f6sszekapcsol\u00f3dva felemelj\u00e9k \u00e9s megtarts\u00e1k \u0151t.<\/p>\n\n\n\n<figure class=\"is-layout-flex wp-block-gallery-1 wp-block-gallery has-nested-images columns-default is-cropped\">\n<figure class=\"wp-block-image size-large\"><img decoding=\"async\" loading=\"lazy\" width=\"2560\" height=\"1920\" data-id=\"121\"  src=\"http:\/\/blessingway.hu\/wp-content\/uploads\/2022\/10\/IMG_8919-scaled.jpeg\" alt=\"\" class=\"wp-image-121\" srcset=\"https:\/\/blessingway.hu\/wp-content\/uploads\/2022\/10\/IMG_8919-scaled.jpeg 2560w, https:\/\/blessingway.hu\/wp-content\/uploads\/2022\/10\/IMG_8919-300x225.jpeg 300w, https:\/\/blessingway.hu\/wp-content\/uploads\/2022\/10\/IMG_8919-1024x768.jpeg 1024w, https:\/\/blessingway.hu\/wp-content\/uploads\/2022\/10\/IMG_8919-768x576.jpeg 768w, https:\/\/blessingway.hu\/wp-content\/uploads\/2022\/10\/IMG_8919-1536x1152.jpeg 1536w, https:\/\/blessingway.hu\/wp-content\/uploads\/2022\/10\/IMG_8919-2048x1536.jpeg 2048w\" sizes=\"(max-width: 2560px) 100vw, 2560px\" \/><\/figure>\n<\/figure>\n\n\n\n<p>A Blessingway \u00fcnnep a navaho indi\u00e1nokt\u00f3l ered, ahol a kismam\u00e1hoz legk\u00f6zelebb \u00e1ll\u00f3 n\u0151k \u00f6sszegy\u0171ltek egy ritu\u00e1lis szertart\u00e1s keret\u00e9ben b\u00f6lcs szavakkal, valamint \u00e1ld\u00e1sokkal b\u00e1tor\u00edtott\u00e1k a v\u00e1rand\u00f3s n\u0151t. Ez az anyas\u00e1gba val\u00f3 \u00e1tmenet r\u00edtusa, amely kult\u00far\u00e1r\u00f3l kult\u00far\u00e1ra, nemzed\u00e9kr\u0151l nemzed\u00e9kre \u00e9s n\u0151r\u0151l n\u0151re \u00f6r\u00f6kl\u0151d\u00f6tt.<\/p>\n\n\n\n<p>A sz\u00fcl\u00e9sre bocs\u00e1t\u00f3 \u00fcnnep nemcsak egy szertart\u00e1s, hanem egy \u00e9lm\u00e9ny, amelynek sor\u00e1n a r\u00e9sztvev\u0151k az anya er\u0151ss\u00e9geire, k\u00e9pess\u00e9geire \u00e9s t\u00f6rt\u00e9net\u00e9re \u00f6sszpontos\u00edtanak. Ez egy olyan alkalom, amikor az anya megoszthatja a v\u00e1rand\u00f3ss\u00e1g \u00e9s a sz\u00fcl\u00e9s felk\u00e9sz\u00fcl\u00e9s\u00e9nek \u00e9lm\u00e9ny\u00e9t szeretteivel, \u00e9s egy\u00fctt \u00e9p\u00edthetnek egy er\u0151s k\u00f6z\u00f6ss\u00e9get.<\/p>\n\n\n\n<p>A szertart\u00e1s minden hitrendszert tiszteletben tart, \u00e9s alkalmazkodik az egy\u00e9ni \u00e9rt\u00e9krendhez.<\/p>\n\n\n\n<figure class=\"wp-block-image size-large\"><img decoding=\"async\" loading=\"lazy\" width=\"1024\" height=\"768\" src=\"http:\/\/blessingway.hu\/wp-content\/uploads\/2022\/10\/IMG_8893-1024x768.jpeg\" alt=\"\" class=\"wp-image-131\" srcset=\"https:\/\/blessingway.hu\/wp-content\/uploads\/2022\/10\/IMG_8893-1024x768.jpeg 1024w, https:\/\/blessingway.hu\/wp-content\/uploads\/2022\/10\/IMG_8893-300x225.jpeg 300w, https:\/\/blessingway.hu\/wp-content\/uploads\/2022\/10\/IMG_8893-768x576.jpeg 768w, https:\/\/blessingway.hu\/wp-content\/uploads\/2022\/10\/IMG_8893-1536x1152.jpeg 1536w, https:\/\/blessingway.hu\/wp-content\/uploads\/2022\/10\/IMG_8893-2048x1536.jpeg 2048w\" sizes=\"(max-width: 1024px) 100vw, 1024px\" \/><\/figure>\n\n\n\n<p>A cerem\u00f3nia nem csak meger\u0151s\u00edti az anya \u00f6nbizalm\u00e1t, hanem egyben csod\u00e1latos \u00e9lm\u00e9nyt is ny\u00fajt minden r\u00e9sztvev\u0151 sz\u00e1m\u00e1ra.<\/p>\n\n\n\n<p>A sz\u00fcl\u00e9sre bocs\u00e1t\u00f3 \u00fcnnep nem csup\u00e1n egy sz\u00e9p m\u00f3dja annak, hogy megadjuk az any\u00e1nak a tiszteletet, hanem megv\u00e1ltoztatja azt is, ahogyan a sz\u00fcl\u00e9sre tekint\u00fcnk. \u00datk\u00f6zben valahol elfelejtette a modern ember, hogy amikor \u00e9letet teremt, szeretetet teremt. Ezzel a csod\u00e1latos cerem\u00f3ni\u00e1val \u00fajra megnyitunk egy fejezetet a n\u0151k, f\u00e9rfiak \u00e9s csal\u00e1dok sz\u00e1m\u00e1ra, hogy a sz\u00fclet\u00e9sre szent alkalomk\u00e9nt tekintsenek, aminek mindannyian \u00f6r\u00fclhet\u00fcnk.<\/p>\n\n\n\n<p>Minden egyes \u00fcnnep m\u00e1s \u00e9s m\u00e1s, hiszen itt nincs meghat\u00e1rozott sorrend, vagy k\u00f6telez\u0151 elem, \u00edgy teljes m\u00e9rt\u00e9kben a kismama ig\u00e9nyeire szabom a cerem\u00f3ni\u00e1t. \u00dcnnepelj a szeretteiddel, ragyogj \u00e9s t\u00fcnd\u00f6k\u00f6lj, mint egy kir\u00e1lyn\u0151!<br><br><em>\u201eEz a kreat\u00edv ritu\u00e1l\u00e9 c\u00e9lja \u2013 egyens\u00faly n\u00f6vel\u00e9se \u00f6nmagunkkal, egym\u00e1ssal, a vil\u00e1ggal \u00e9s a nagyobb ritmusokkal \u00e9s energi\u00e1kkal kapcsolatban, amelyek stabilit\u00e1st \u00e9s f\u00e9nyt hoznak \u00e9let\u00fcnkbe\u201d<\/em> \u2013 Renee Beck \u00e9s Sydney Metrick, The Art of Ritual<\/p>\n\n\n\n<figure class=\"is-layout-flex wp-block-gallery-3 wp-block-gallery has-nested-images columns-default is-cropped\">\n<figure class=\"wp-block-image size-large\"><img decoding=\"async\" loading=\"lazy\" width=\"1920\" height=\"2560\" data-id=\"130\"  src=\"http:\/\/blessingway.hu\/wp-content\/uploads\/2022\/10\/IMG_8903-scaled.jpeg\" alt=\"\" class=\"wp-image-130\" srcset=\"https:\/\/blessingway.hu\/wp-content\/uploads\/2022\/10\/IMG_8903-scaled.jpeg 1920w, https:\/\/blessingway.hu\/wp-content\/uploads\/2022\/10\/IMG_8903-225x300.jpeg 225w, https:\/\/blessingway.hu\/wp-content\/uploads\/2022\/10\/IMG_8903-768x1024.jpeg 768w, https:\/\/blessingway.hu\/wp-content\/uploads\/2022\/10\/IMG_8903-1152x1536.jpeg 1152w, https:\/\/blessingway.hu\/wp-content\/uploads\/2022\/10\/IMG_8903-1536x2048.jpeg 1536w\" sizes=\"(max-width: 1920px) 100vw, 1920px\" \/><\/figure>\n\n\n\n<figure class=\"wp-block-image size-large\"><img decoding=\"async\" loading=\"lazy\" width=\"1920\" height=\"2560\" data-id=\"129\"  src=\"http:\/\/blessingway.hu\/wp-content\/uploads\/2022\/10\/IMG_8925-scaled.jpeg\" alt=\"\" class=\"wp-image-129\" srcset=\"https:\/\/blessingway.hu\/wp-content\/uploads\/2022\/10\/IMG_8925-scaled.jpeg 1920w, https:\/\/blessingway.hu\/wp-content\/uploads\/2022\/10\/IMG_8925-225x300.jpeg 225w, https:\/\/blessingway.hu\/wp-content\/uploads\/2022\/10\/IMG_8925-768x1024.jpeg 768w, https:\/\/blessingway.hu\/wp-content\/uploads\/2022\/10\/IMG_8925-1152x1536.jpeg 1152w, https:\/\/blessingway.hu\/wp-content\/uploads\/2022\/10\/IMG_8925-1536x2048.jpeg 1536w\" sizes=\"(max-width: 1920px) 100vw, 1920px\" \/><\/figure>\n\n\n\n<figure class=\"wp-block-image size-large\"><img decoding=\"async\" loading=\"lazy\" width=\"1920\" height=\"2560\" data-id=\"128\"  src=\"http:\/\/blessingway.hu\/wp-content\/uploads\/2022\/10\/IMG_8934-scaled.jpeg\" alt=\"\" class=\"wp-image-128\" srcset=\"https:\/\/blessingway.hu\/wp-content\/uploads\/2022\/10\/IMG_8934-scaled.jpeg 1920w, https:\/\/blessingway.hu\/wp-content\/uploads\/2022\/10\/IMG_8934-225x300.jpeg 225w, https:\/\/blessingway.hu\/wp-content\/uploads\/2022\/10\/IMG_8934-768x1024.jpeg 768w, https:\/\/blessingway.hu\/wp-content\/uploads\/2022\/10\/IMG_8934-1152x1536.jpeg 1152w, https:\/\/blessingway.hu\/wp-content\/uploads\/2022\/10\/IMG_8934-1536x2048.jpeg 1536w\" sizes=\"(max-width: 1920px) 100vw, 1920px\" \/><\/figure>\n\n\n\n<figure class=\"wp-block-image size-large\"><img decoding=\"async\" loading=\"lazy\" width=\"1920\" height=\"2560\" data-id=\"127\"  src=\"http:\/\/blessingway.hu\/wp-content\/uploads\/2022\/10\/IMG_8884-scaled.jpeg\" alt=\"\" class=\"wp-image-127\" srcset=\"https:\/\/blessingway.hu\/wp-content\/uploads\/2022\/10\/IMG_8884-scaled.jpeg 1920w, https:\/\/blessingway.hu\/wp-content\/uploads\/2022\/10\/IMG_8884-225x300.jpeg 225w, https:\/\/blessingway.hu\/wp-content\/uploads\/2022\/10\/IMG_8884-768x1024.jpeg 768w, https:\/\/blessingway.hu\/wp-content\/uploads\/2022\/10\/IMG_8884-1152x1536.jpeg 1152w, https:\/\/blessingway.hu\/wp-content\/uploads\/2022\/10\/IMG_8884-1536x2048.jpeg 1536w\" sizes=\"(max-width: 1920px) 100vw, 1920px\" \/><\/figure>\n\n\n\n<figure class=\"wp-block-image size-large\"><img decoding=\"async\" loading=\"lazy\" width=\"1920\" height=\"2560\" data-id=\"126\"  src=\"http:\/\/blessingway.hu\/wp-content\/uploads\/2022\/10\/IMG_8907-scaled.jpeg\" alt=\"\" class=\"wp-image-126\" srcset=\"https:\/\/blessingway.hu\/wp-content\/uploads\/2022\/10\/IMG_8907-scaled.jpeg 1920w, https:\/\/blessingway.hu\/wp-content\/uploads\/2022\/10\/IMG_8907-225x300.jpeg 225w, https:\/\/blessingway.hu\/wp-content\/uploads\/2022\/10\/IMG_8907-768x1024.jpeg 768w, https:\/\/blessingway.hu\/wp-content\/uploads\/2022\/10\/IMG_8907-1152x1536.jpeg 1152w, https:\/\/blessingway.hu\/wp-content\/uploads\/2022\/10\/IMG_8907-1536x2048.jpeg 1536w\" sizes=\"(max-width: 1920px) 100vw, 1920px\" \/><\/figure>\n\n\n\n<figure class=\"wp-block-image size-large\"><img decoding=\"async\" loading=\"lazy\" width=\"1920\" height=\"2560\" data-id=\"125\"  src=\"http:\/\/blessingway.hu\/wp-content\/uploads\/2022\/10\/IMG_8899-scaled.jpeg\" alt=\"\" class=\"wp-image-125\" srcset=\"https:\/\/blessingway.hu\/wp-content\/uploads\/2022\/10\/IMG_8899-scaled.jpeg 1920w, https:\/\/blessingway.hu\/wp-content\/uploads\/2022\/10\/IMG_8899-225x300.jpeg 225w, https:\/\/blessingway.hu\/wp-content\/uploads\/2022\/10\/IMG_8899-768x1024.jpeg 768w, https:\/\/blessingway.hu\/wp-content\/uploads\/2022\/10\/IMG_8899-1152x1536.jpeg 1152w, https:\/\/blessingway.hu\/wp-content\/uploads\/2022\/10\/IMG_8899-1536x2048.jpeg 1536w\" sizes=\"(max-width: 1920px) 100vw, 1920px\" \/><\/figure>\n\n\n\n<figure class=\"wp-block-image size-large\"><img decoding=\"async\" loading=\"lazy\" width=\"1920\" height=\"2560\" data-id=\"124\"  src=\"http:\/\/blessingway.hu\/wp-content\/uploads\/2022\/10\/IMG_8896-scaled.jpeg\" alt=\"\" class=\"wp-image-124\" srcset=\"https:\/\/blessingway.hu\/wp-content\/uploads\/2022\/10\/IMG_8896-scaled.jpeg 1920w, https:\/\/blessingway.hu\/wp-content\/uploads\/2022\/10\/IMG_8896-225x300.jpeg 225w, https:\/\/blessingway.hu\/wp-content\/uploads\/2022\/10\/IMG_8896-768x1024.jpeg 768w, https:\/\/blessingway.hu\/wp-content\/uploads\/2022\/10\/IMG_8896-1152x1536.jpeg 1152w, https:\/\/blessingway.hu\/wp-content\/uploads\/2022\/10\/IMG_8896-1536x2048.jpeg 1536w\" sizes=\"(max-width: 1920px) 100vw, 1920px\" \/><\/figure>\n\n\n\n<figure class=\"wp-block-image size-large\"><img decoding=\"async\" loading=\"lazy\" width=\"1920\" height=\"2560\" data-id=\"123\"  src=\"http:\/\/blessingway.hu\/wp-content\/uploads\/2022\/10\/IMG_8936-scaled.jpeg\" alt=\"\" class=\"wp-image-123\" srcset=\"https:\/\/blessingway.hu\/wp-content\/uploads\/2022\/10\/IMG_8936-scaled.jpeg 1920w, https:\/\/blessingway.hu\/wp-content\/uploads\/2022\/10\/IMG_8936-225x300.jpeg 225w, https:\/\/blessingway.hu\/wp-content\/uploads\/2022\/10\/IMG_8936-768x1024.jpeg 768w, https:\/\/blessingway.hu\/wp-content\/uploads\/2022\/10\/IMG_8936-1152x1536.jpeg 1152w, https:\/\/blessingway.hu\/wp-content\/uploads\/2022\/10\/IMG_8936-1536x2048.jpeg 1536w\" sizes=\"(max-width: 1920px) 100vw, 1920px\" \/><\/figure>\n\n\n\n<figure class=\"wp-block-image size-large\"><img decoding=\"async\" loading=\"lazy\" width=\"1920\" height=\"2560\" data-id=\"122\"  src=\"http:\/\/blessingway.hu\/wp-content\/uploads\/2022\/10\/IMG_8880-scaled.jpeg\" alt=\"\" class=\"wp-image-122\" srcset=\"https:\/\/blessingway.hu\/wp-content\/uploads\/2022\/10\/IMG_8880-scaled.jpeg 1920w, https:\/\/blessingway.hu\/wp-content\/uploads\/2022\/10\/IMG_8880-225x300.jpeg 225w, https:\/\/blessingway.hu\/wp-content\/uploads\/2022\/10\/IMG_8880-768x1024.jpeg 768w, https:\/\/blessingway.hu\/wp-content\/uploads\/2022\/10\/IMG_8880-1152x1536.jpeg 1152w, https:\/\/blessingway.hu\/wp-content\/uploads\/2022\/10\/IMG_8880-1536x2048.jpeg 1536w\" sizes=\"(max-width: 1920px) 100vw, 1920px\" \/><\/figure>\n\n\n\n<figure class=\"wp-block-image size-large\"><img decoding=\"async\" loading=\"lazy\" width=\"2560\" height=\"1920\" data-id=\"120\"  src=\"http:\/\/blessingway.hu\/wp-content\/uploads\/2022\/10\/IMG_8920-scaled.jpeg\" alt=\"\" class=\"wp-image-120\" srcset=\"https:\/\/blessingway.hu\/wp-content\/uploads\/2022\/10\/IMG_8920-scaled.jpeg 2560w, https:\/\/blessingway.hu\/wp-content\/uploads\/2022\/10\/IMG_8920-300x225.jpeg 300w, https:\/\/blessingway.hu\/wp-content\/uploads\/2022\/10\/IMG_8920-1024x768.jpeg 1024w, https:\/\/blessingway.hu\/wp-content\/uploads\/2022\/10\/IMG_8920-768x576.jpeg 768w, https:\/\/blessingway.hu\/wp-content\/uploads\/2022\/10\/IMG_8920-1536x1152.jpeg 1536w, https:\/\/blessingway.hu\/wp-content\/uploads\/2022\/10\/IMG_8920-2048x1536.jpeg 2048w\" sizes=\"(max-width: 2560px) 100vw, 2560px\" \/><\/figure>\n<\/figure>\n","protected":false},"excerpt":{"rendered":"<p>Kismama vagy \u00e9s keresed a megfelel\u0151 szertart\u00e1st, ami seg\u00edthet meger\u0151s\u00edteni az \u00f6nbizalmad \u00e9s felk\u00e9sz\u00edteni a sz\u00fcl\u00e9sre? \u200b\u200bA Blessingway, vagyis a sz\u00fcl\u00e9sre bocs\u00e1t\u00f3 szertart\u00e1s sor\u00e1n a kismam\u00e1t egy megtart\u00f3, er\u0151s, t\u00e1mogat\u00f3 n\u0151i k\u00f6rben egy igaz\u00e1n k\u00fcl\u00f6nleges ritu\u00e1l\u00e9 r\u00e9szek\u00e9nt k\u00e9sz\u00edtj\u00fck fel az el\u0151tte \u00e1ll\u00f3 izgalmas \u00fatra. C\u00e9lunk, hogy a leend\u0151 \u00e9desanya (legyen sz\u00f3 az els\u0151, ak\u00e1r a [&hellip;]<\/p>\n","protected":false},"author":1,"featured_media":0,"parent":0,"menu_order":0,"comment_status":"closed","ping_status":"closed","template":"","meta":{"_monsterinsights_skip_tracking":false,"_monsterinsights_sitenote_active":false,"_monsterinsights_sitenote_note":"","_monsterinsights_sitenote_category":0},"aioseo_notices":[],"_links":{"self":[{"href":"https:\/\/blessingway.hu\/index.php?rest_route=\/wp\/v2\/pages\/10"}],"collection":[{"href":"https:\/\/blessingway.hu\/index.php?rest_route=\/wp\/v2\/pages"}],"about":[{"href":"https:\/\/blessingway.hu\/index.php?rest_route=\/wp\/v2\/types\/page"}],"author":[{"embeddable":true,"href":"https:\/\/blessingway.hu\/index.php?rest_route=\/wp\/v2\/users\/1"}],"replies":[{"embeddable":true,"href":"https:\/\/blessingway.hu\/index.php?rest_route=%2Fwp%2Fv2%2Fcomments&post=10"}],"version-history":[{"count":5,"href":"https:\/\/blessingway.hu\/index.php?rest_route=\/wp\/v2\/pages\/10\/revisions"}],"predecessor-version":[{"id":143,"href":"https:\/\/blessingway.hu\/index.php?rest_route=\/wp\/v2\/pages\/10\/revisions\/143"}],"wp:attachment":[{"href":"https:\/\/blessingway.hu\/index.php?rest_route=%2Fwp%2Fv2%2Fmedia&parent=10"}],"curies":[{"name":"wp","href":"https:\/\/api.w.org\/{rel}","templated":true}]}}