{"id":144,"date":"2023-03-15T12:27:11","date_gmt":"2023-03-15T12:27:11","guid":{"rendered":"https:\/\/blessingway.hu\/?page_id=144"},"modified":"2023-03-15T12:27:12","modified_gmt":"2023-03-15T12:27:12","slug":"mire-jo-a-blessingway","status":"publish","type":"page","link":"https:\/\/blessingway.hu\/?page_id=144","title":{"rendered":"Mire j\u00f3 a Blessingway?"},"content":{"rendered":"\n<p>Egy ilyen alkalommal kifejezetten a kismam\u00e1ra, a sz\u00fcl\u00e9sre val\u00f3 felk\u00e9sz\u00fcl\u00e9sre f\u00f3kusz\u00e1lunk. Az anya sz\u00e1m\u00e1ra rendk\u00edv\u00fcl pozit\u00edv hat\u00e1ssal lehet a Blessingway. Az anya \u00e9rzi, hogy nincs egyed\u00fcl, hanem sokan vannak, akik mellette vannak \u00e9s t\u00e1mogatj\u00e1k \u0151t a neh\u00e9z pillanatokban is. \u00cdgy n\u0151 az anya \u00f6nbizalma, \u00e9s k\u00f6nnyebben tudja kezelni a sz\u00fcl\u00e9shez kapcsol\u00f3d\u00f3 \u00e9rz\u00e9seket, kih\u00edv\u00e1sokat.<\/p>\n\n\n\n<p>M\u00e1sr\u00e9szt a Blessingway lehet\u0151s\u00e9get ny\u00fajt az any\u00e1nak arra, hogy egy\u00fctt legyen a szeretteivel \u00e9s a bar\u00e1taival, \u00e9s megoszthassa vel\u00fck a v\u00e1rand\u00f3ss\u00e1ggal \u00e9s a sz\u00fcl\u00e9sre val\u00f3 felk\u00e9sz\u00fcl\u00e9ssel kapcsolatos gondolatait.&nbsp;<\/p>\n\n\n\n<p>V\u00e9g\u00fcl pedig, a Blessingway egy olyan szertart\u00e1s, amely seg\u00edti az any\u00e1t abban, hogy r\u00e1hangol\u00f3djon az anyas\u00e1gra \u00e9s a sz\u00fcl\u00e9sre. Az anya megkapja azt a t\u00e1mogat\u00e1st \u00e9s azokat az eszk\u00f6z\u00f6ket, amelyekre sz\u00fcks\u00e9ge van, hogy felk\u00e9sz\u00fclj\u00f6n a sz\u00fcl\u00e9sre \u00e9s megtal\u00e1lja a benn\u00fck rejl\u0151 er\u0151t \u00e9s b\u00e1tor\u00edt\u00e1st.<\/p>\n\n\n\n<p>A sz\u00fcl\u00e9sre bocs\u00e1t\u00f3 \u00fcnnep nagyszer\u0171 lehet\u0151s\u00e9g a leend\u0151 anya sz\u00e1m\u00e1ra, hogy meger\u0151s\u00edtse az \u00f6nbizalm\u00e1t, egy\u00fctt legyen a szeretteivel, \u00e9s r\u00e1hangol\u00f3djon az el\u0151tte \u00e1ll\u00f3 izgalmas \u00fatra.<\/p>\n","protected":false},"excerpt":{"rendered":"<p>Egy ilyen alkalommal kifejezetten a kismam\u00e1ra, a sz\u00fcl\u00e9sre val\u00f3 felk\u00e9sz\u00fcl\u00e9sre f\u00f3kusz\u00e1lunk. Az anya sz\u00e1m\u00e1ra rendk\u00edv\u00fcl pozit\u00edv hat\u00e1ssal lehet a Blessingway. Az anya \u00e9rzi, hogy nincs egyed\u00fcl, hanem sokan vannak, akik mellette vannak \u00e9s t\u00e1mogatj\u00e1k \u0151t a neh\u00e9z pillanatokban is. \u00cdgy n\u0151 az anya \u00f6nbizalma, \u00e9s k\u00f6nnyebben tudja kezelni a sz\u00fcl\u00e9shez kapcsol\u00f3d\u00f3 \u00e9rz\u00e9seket, kih\u00edv\u00e1sokat. M\u00e1sr\u00e9szt a [&hellip;]<\/p>\n","protected":false},"author":1,"featured_media":0,"parent":0,"menu_order":0,"comment_status":"closed","ping_status":"closed","template":"","meta":{"_monsterinsights_skip_tracking":false,"_monsterinsights_sitenote_active":false,"_monsterinsights_sitenote_note":"","_monsterinsights_sitenote_category":0},"aioseo_notices":[],"_links":{"self":[{"href":"https:\/\/blessingway.hu\/index.php?rest_route=\/wp\/v2\/pages\/144"}],"collection":[{"href":"https:\/\/blessingway.hu\/index.php?rest_route=\/wp\/v2\/pages"}],"about":[{"href":"https:\/\/blessingway.hu\/index.php?rest_route=\/wp\/v2\/types\/page"}],"author":[{"embeddable":true,"href":"https:\/\/blessingway.hu\/index.php?rest_route=\/wp\/v2\/users\/1"}],"replies":[{"embeddable":true,"href":"https:\/\/blessingway.hu\/index.php?rest_route=%2Fwp%2Fv2%2Fcomments&post=144"}],"version-history":[{"count":1,"href":"https:\/\/blessingway.hu\/index.php?rest_route=\/wp\/v2\/pages\/144\/revisions"}],"predecessor-version":[{"id":145,"href":"https:\/\/blessingway.hu\/index.php?rest_route=\/wp\/v2\/pages\/144\/revisions\/145"}],"wp:attachment":[{"href":"https:\/\/blessingway.hu\/index.php?rest_route=%2Fwp%2Fv2%2Fmedia&parent=144"}],"curies":[{"name":"wp","href":"https:\/\/api.w.org\/{rel}","templated":true}]}}