{"id":23,"date":"2022-09-28T13:21:59","date_gmt":"2022-09-28T13:21:59","guid":{"rendered":"https:\/\/blessingway.hu\/?page_id=23"},"modified":"2023-03-15T12:31:23","modified_gmt":"2023-03-15T12:31:23","slug":"https-blessingway-hu-page_id16","status":"publish","type":"page","link":"https:\/\/blessingway.hu\/?page_id=23","title":{"rendered":"Szeretn\u00e9k \u00fcnnepet"},"content":{"rendered":"\n<p>A Blessingway kiz\u00e1r\u00f3lag R\u00f3lad sz\u00f3l. T\u00e9ged t\u00e1mogatunk, T\u00e9ged er\u0151s\u00edt\u00fcnk, T\u00e9ged emel\u00fcnk fel, T\u00e9ged \u00e1ldunk meg. Ez a Te v\u00e1rand\u00f3ss\u00e1god, a Te utad.<\/p>\n\n\n\n<p>Az\u00e9rt, hogy ez a n\u0151i k\u00f6r val\u00f3ban er\u0151t ad\u00f3 \u00e9s biztons\u00e1gos legyen, csakis olyanokat h\u00edvj\u00e1l meg, akiket teljes sz\u00edvedb\u0151l szeretn\u00e9l, hogy Veled legyenek. Ne azt n\u00e9zd, kit \u201cillik\u201d megh\u00edvni, vagy ki fog megs\u00e9rt\u0151dni, ha nincs ott. Nincsenek szab\u00e1lyok, hallgass \u00f6nmagadra, a fontos, hogy Te j\u00f3l \u00e9rezd magad. T\u00f6ltsd azokkal ezt a p\u00e1r \u00f3r\u00e1t, akiknek a k\u00f6r\u00e9ben t\u00e9nyleg meghitt lehet ez az \u00fcnnep &#8211; legyenek rokonok, bar\u00e1tn\u0151k, vagy munkat\u00e1rsak.<\/p>\n\n\n\n<p>\u00c9rdemes a 35-37. h\u00e9t k\u00f6rny\u00e9k\u00e9n megtartani a saj\u00e1t cerem\u00f3ni\u00e1dat, ak\u00e1r N\u00e1lad, ak\u00e1r egy szerettedn\u00e9l, de id\u0151j\u00e1r\u00e1s f\u00fcggv\u00e9ny\u00e9ben szabadt\u00e9ri helysz\u00edn is sz\u00f3ba ker\u00fclhet.<\/p>\n\n\n\n<p>A Blessingway k\u00f6r\u00fclbel\u00fcl 2-3 \u00f3r\u00e1s program, helyileg pedig Debrecenben t\u00f6rt\u00e9nik, vagy m\u00e1s v\u00e1rosban egy\u00e9ni elb\u00edr\u00e1l\u00e1s alapj\u00e1n.<\/p>\n\n\n\n<p>A d\u00edjaz\u00e1som 30 ezer forint, amely az el\u0151zetes felm\u00e9r\u00e9sen, szervez\u00e9sen, lebonyol\u00edt\u00e1son \u00e9s egy\u00e9b munk\u00e1latokon fel\u00fcl tartalmazza a hangulatos, \u00edzl\u00e9sedhez ill\u0151 dekor\u00e1ci\u00f3t is.<\/p>\n\n\n\n<p>Az \u00e9l\u0151vir\u00e1g d\u00edsz\u00edt\u00e9s \u00e9s a koszor\u00fa ig\u00e9nyekt\u0151l f\u00fcgg\u0151en k\u00f6r\u00fclbel\u00fcl 10 ezer forintba ker\u00fcl. Amennyiben a m\u00e1s, k\u00fcls\u0151 helysz\u00ednen szeretn\u00e9d tartani az \u00dcnnepet, az esetleges b\u00e9rl\u00e9s d\u00edj\u00e1t ezeken fel\u00fcl kell fizetni. Ha profi fot\u00f3sra is ig\u00e9nyt tartan\u00e1l, aki meg\u00f6r\u00f6k\u00edti a meghitt pillanatokat, arra is van m\u00f3d, err\u0151l k\u00fcl\u00f6n kell egyeztetni.<\/p>\n\n\n<div class=\"wpforms-container wpforms-container-full wpforms-block\" id=\"wpforms-93\"><form id=\"wpforms-form-93\" class=\"wpforms-validate wpforms-form wpforms-ajax-form\" data-formid=\"93\" method=\"post\" enctype=\"multipart\/form-data\" action=\"\/index.php?rest_route=%2Fwp%2Fv2%2Fpages%2F23\" data-token=\"7029f359a22f5c37501ceeabe60fdd75\" data-token-time=\"1777693081\"><noscript class=\"wpforms-error-noscript\">Please enable JavaScript in your browser to complete this form.<\/noscript><div class=\"wpforms-field-container\"><div id=\"wpforms-93-field_0-container\" class=\"wpforms-field wpforms-field-name\" data-field-id=\"0\"><label class=\"wpforms-field-label\" for=\"wpforms-93-field_0\">N\u00e9v <span class=\"wpforms-required-label\">*<\/span><\/label><input type=\"text\" id=\"wpforms-93-field_0\" class=\"wpforms-field-medium wpforms-field-required\" name=\"wpforms[fields][0]\" required><\/div><div id=\"wpforms-93-field_1-container\" class=\"wpforms-field wpforms-field-email\" data-field-id=\"1\"><label class=\"wpforms-field-label\" for=\"wpforms-93-field_1\">Email <span class=\"wpforms-required-label\">*<\/span><\/label><input type=\"email\" id=\"wpforms-93-field_1\" class=\"wpforms-field-medium wpforms-field-required\" name=\"wpforms[fields][1]\" spellcheck=\"false\" required><\/div><div id=\"wpforms-93-field_2-container\" class=\"wpforms-field wpforms-field-textarea\" data-field-id=\"2\"><label class=\"wpforms-field-label\" for=\"wpforms-93-field_2\">\u00dczenet<\/label><textarea id=\"wpforms-93-field_2\" class=\"wpforms-field-medium\" name=\"wpforms[fields][2]\" ><\/textarea><\/div><\/div><!-- .wpforms-field-container --><div class=\"wpforms-submit-container\" ><input type=\"hidden\" name=\"wpforms[id]\" value=\"93\"><input type=\"hidden\" name=\"page_title\" value=\"\"><input type=\"hidden\" name=\"page_url\" value=\"https:\/\/blessingway.hu\/index.php?rest_route=\/wp\/v2\/pages\/23\"><input type=\"hidden\" name=\"url_referer\" value=\"\"><button type=\"submit\" name=\"wpforms[submit]\" id=\"wpforms-submit-93\" class=\"wpforms-submit\" data-alt-text=\"Sending...\" data-submit-text=\"Submit\" aria-live=\"assertive\" value=\"wpforms-submit\">Submit<\/button><img decoding=\"async\" loading=\"lazy\" src=\"https:\/\/blessingway.hu\/wp-content\/plugins\/wpforms-lite\/assets\/images\/submit-spin.svg\" class=\"wpforms-submit-spinner\" style=\"display: none;\" width=\"26\" height=\"26\" alt=\"Loading\"><\/div><\/form><\/div>  <!-- .wpforms-container -->","protected":false},"excerpt":{"rendered":"<p>A Blessingway kiz\u00e1r\u00f3lag R\u00f3lad sz\u00f3l. T\u00e9ged t\u00e1mogatunk, T\u00e9ged er\u0151s\u00edt\u00fcnk, T\u00e9ged emel\u00fcnk fel, T\u00e9ged \u00e1ldunk meg. Ez a Te v\u00e1rand\u00f3ss\u00e1god, a Te utad. Az\u00e9rt, hogy ez a n\u0151i k\u00f6r val\u00f3ban er\u0151t ad\u00f3 \u00e9s biztons\u00e1gos legyen, csakis olyanokat h\u00edvj\u00e1l meg, akiket teljes sz\u00edvedb\u0151l szeretn\u00e9l, hogy Veled legyenek. Ne azt n\u00e9zd, kit \u201cillik\u201d megh\u00edvni, vagy ki fog megs\u00e9rt\u0151dni, [&hellip;]<\/p>\n","protected":false},"author":1,"featured_media":0,"parent":0,"menu_order":0,"comment_status":"closed","ping_status":"closed","template":"","meta":{"_monsterinsights_skip_tracking":false,"_monsterinsights_sitenote_active":false,"_monsterinsights_sitenote_note":"","_monsterinsights_sitenote_category":0},"aioseo_notices":[],"_links":{"self":[{"href":"https:\/\/blessingway.hu\/index.php?rest_route=\/wp\/v2\/pages\/23"}],"collection":[{"href":"https:\/\/blessingway.hu\/index.php?rest_route=\/wp\/v2\/pages"}],"about":[{"href":"https:\/\/blessingway.hu\/index.php?rest_route=\/wp\/v2\/types\/page"}],"author":[{"embeddable":true,"href":"https:\/\/blessingway.hu\/index.php?rest_route=\/wp\/v2\/users\/1"}],"replies":[{"embeddable":true,"href":"https:\/\/blessingway.hu\/index.php?rest_route=%2Fwp%2Fv2%2Fcomments&post=23"}],"version-history":[{"count":6,"href":"https:\/\/blessingway.hu\/index.php?rest_route=\/wp\/v2\/pages\/23\/revisions"}],"predecessor-version":[{"id":149,"href":"https:\/\/blessingway.hu\/index.php?rest_route=\/wp\/v2\/pages\/23\/revisions\/149"}],"wp:attachment":[{"href":"https:\/\/blessingway.hu\/index.php?rest_route=%2Fwp%2Fv2%2Fmedia&parent=23"}],"curies":[{"name":"wp","href":"https:\/\/api.w.org\/{rel}","templated":true}]}}